{"id":2,"date":"2025-04-15T16:39:13","date_gmt":"2025-04-15T16:39:13","guid":{"rendered":"https:\/\/tvojhausmajstor.rs\/?page_id=2"},"modified":"2025-05-11T01:39:29","modified_gmt":"2025-05-11T01:39:29","slug":"cenovnik","status":"publish","type":"page","link":"https:\/\/tvojhausmajstor.rs\/?page_id=2","title":{"rendered":"Cenovnik"},"content":{"rendered":"\n<div style=\"height:107px\" aria-hidden=\"true\" class=\"wp-block-spacer\"><\/div>\n\n\n\n<h2 class=\"wp-block-heading\"><strong>Cenovnik<\/strong><\/h2>\n\n\n<style>.kt-tabs-id2_63f9ad-c5 > .kt-tabs-content-wrap > .wp-block-kadence-tab{border-top-left-radius:0px;border-top-right-radius:0px;border-bottom-right-radius:0px;border-bottom-left-radius:0px;padding-top:var(--global-kb-spacing-sm, 1.5rem);padding-right:var(--global-kb-spacing-sm, 1.5rem);padding-bottom:var(--global-kb-spacing-sm, 1.5rem);padding-left:var(--global-kb-spacing-sm, 1.5rem);background:var(--theme-palette-color-6, #f2f5f7);}.wp-block-kadence-tabs .kt-tabs-id2_63f9ad-c5 > .kt-tabs-title-list li{margin-top:0px;margin-right:8px;margin-bottom:-1px;margin-left:0px;}.wp-block-kadence-tabs .kt-tabs-id2_63f9ad-c5 > .kt-tabs-title-list li:last-child{margin-right:0px;}.wp-block-kadence-tabs .kt-tabs-id2_63f9ad-c5 > .kt-tabs-title-list li .kt-tab-title, .wp-block-kadence-tabs .kt-tabs-id2_63f9ad-c5 > .kt-tabs-content-wrap > .kt-tabs-accordion-title .kt-tab-title{line-height:1.4em;font-weight:regular;font-style:normal;border-top-width:4px;border-right-width:4px;border-bottom-width:0px;border-left-width:4px;border-bottom-right-radius:0px;border-bottom-left-radius:0px;padding-top:12px;padding-right:8px;padding-bottom:12px;padding-left:20px;border-color:#b3b2ae;color:var(--theme-palette-color-8, #ffffff);background:var(--theme-palette-color-3, #3A4F66);}.wp-block-kadence-tabs .kt-tabs-id2_63f9ad-c5 > .kt-tabs-content-wrap > .kt-tabs-accordion-title .kt-tab-title{margin-top:0px;margin-right:8px;margin-bottom:-1px;margin-left:0px;}.wp-block-kadence-tabs .kt-tabs-id2_63f9ad-c5 > .kt-tabs-title-list li .kt-tab-title:hover, .wp-block-kadence-tabs .kt-tabs-id2_63f9ad-c5 > .kt-tabs-content-wrap > .kt-tabs-accordion-title .kt-tab-title:hover{border-color:var(--global-palette8, #F7FAFC);color:var(--global-palette5, #444444);background:#f7fafc;}.wp-block-kadence-tabs .kt-tabs-id2_63f9ad-c5 > .kt-tabs-title-list li.kt-tab-title-active .kt-tab-title, .wp-block-kadence-tabs .kt-tabs-id2_63f9ad-c5 > .kt-tabs-content-wrap > .kt-tabs-accordion-title.kt-tab-title-active .kt-tab-title{border-color:var(--theme-palette-color-3, #3A4F66);color:var(--global-palette5, #444444);background:#e1e8ed;}<\/style>\n<div class=\"wp-block-kadence-tabs alignnone\"><div class=\"kt-tabs-wrap kt-tabs-id2_63f9ad-c5 kt-tabs-has-5-tabs kt-active-tab-1 kt-tabs-layout-tabs kt-tabs-tablet-layout-inherit kt-tabs-mobile-layout-inherit kt-tab-alignment-left \"><ul class=\"kt-tabs-title-list\"><li id=\"tab-vodovod\" class=\"kt-title-item kt-title-item-1 kt-tabs-svg-show-always kt-tabs-icon-side-right kt-tab-title-active\"><a href=\"#tab-vodovod\" data-tab=\"1\" class=\"kt-tab-title kt-tab-title-1 \"><span class=\"kt-title-text\">Vodovod<\/span><\/a><\/li><li id=\"tab-elektrika\" class=\"kt-title-item kt-title-item-2 kt-tabs-svg-show-always kt-tabs-icon-side-right kt-tab-title-inactive\"><a href=\"#tab-elektrika\" data-tab=\"2\" class=\"kt-tab-title kt-tab-title-2 \"><span class=\"kt-title-text\">Elektrika<\/span><\/a><\/li><li id=\"tab-stolarija\" class=\"kt-title-item kt-title-item-3 kt-tabs-svg-show-always kt-tabs-icon-side-right kt-tab-title-inactive\"><a href=\"#tab-stolarija\" data-tab=\"3\" class=\"kt-tab-title kt-tab-title-3 \"><span class=\"kt-title-text\">Stolarija<\/span><\/a><\/li><li id=\"tab-hidroizolacija\" class=\"kt-title-item kt-title-item-4 kt-tabs-svg-show-always kt-tabs-icon-side-right kt-tab-title-inactive\"><a href=\"#tab-hidroizolacija\" data-tab=\"4\" class=\"kt-tab-title kt-tab-title-4 \"><span class=\"kt-title-text\">Hidroizolacija<\/span><\/a><\/li><li id=\"tab-pokustvo\" class=\"kt-title-item kt-title-item-5 kt-tabs-svg-show-always kt-tabs-icon-side-right kt-tab-title-inactive\"><a href=\"#tab-pokustvo\" data-tab=\"5\" class=\"kt-tab-title kt-tab-title-5 \"><span class=\"kt-title-text\">Poku\u0107stvo<\/span><\/a><\/li><\/ul><div class=\"kt-tabs-content-wrap\">\n<div class=\"wp-block-kadence-tab kt-tab-inner-content kt-inner-tab-1 kt-inner-tab1f5e11-1f\"><div class=\"kt-tab-inner-content-inner\">\n<details class=\"wp-block-details is-layout-flow wp-block-details-is-layout-flow\"><summary>Cena manjih vodoinstalaterskih usluga se kre\u0107e u rasponu od 3,000 &#8211; 6,000 dinara za manja odgu\u0161enja, za\u010depljenja i curenja dok kod kompleksnijih kvarova koji zahtevaju i dubinsko \u010di\u0161\u0107enje cevi, velika odgu\u0161enja, ot\u010depljenja&#8230; cena mo\u017ee i\u0107i i do 25000. Za svaki rad trudimo se da odmah ocenimo obim posla kako bismo Vam tro\u0161ak iskazali pre po\u010detka radova i uslugu u\u010dinili \u0161to transparentnijom.<\/summary>\n<p><\/p>\n<\/details>\n<\/div><\/div>\n\n\n\n<div class=\"wp-block-kadence-tab kt-tab-inner-content kt-inner-tab-2 kt-inner-tabeaccd0-01\"><div class=\"kt-tab-inner-content-inner\">\n<details class=\"wp-block-details is-layout-flow wp-block-details-is-layout-flow\"><summary>Cene radova u domenu elektri\u010darskih usluga se kre\u0107u od zamene\/ugradnje uti\u010dnica 500rsd\/kom preko ugradnje plafonjera\/lustera po ceni od 1000-2000rsd\/kom pa do komplikovanijih razvoda \u010dija cena ide i do 30.000rsd. Za svaki rad trudimo se da odmah ocenimo obim posla kako bismo Vam tro\u0161ak iskazali pre po\u010detka radova i uslugu u\u010dinili \u0161to transparentnijom<\/summary>\n<p><\/p>\n<\/details>\n<\/div><\/div>\n\n\n\n<div class=\"wp-block-kadence-tab kt-tab-inner-content kt-inner-tab-3 kt-inner-tab59bb7b-50\"><div class=\"kt-tab-inner-content-inner\">\n<details class=\"wp-block-details is-layout-flow wp-block-details-is-layout-flow\"><summary>Kada je u pitanju Va\u0161a stolarija, cene na\u0161ih usluga se kre\u0107u od 3.000rsd koliko iznosi zamena gurtne pa sve do komarnika \u010dija je trenutna cena 2500rsd po kvadratnom metru. Za svaki rad trudimo se da odmah ocenimo obim posla kako bismo Vam tro\u0161ak iskazali pre po\u010detka radova i uslugu u\u010dinili \u0161to transparentnijom. Kada su u pitanju komarnici koji se rade po meri, neophodna je uplata avansa. <\/summary>\n<p><\/p>\n<\/details>\n<\/div><\/div>\n\n\n\n<div class=\"wp-block-kadence-tab kt-tab-inner-content kt-inner-tab-4 kt-inner-tab4b8bf5-76\"><div class=\"kt-tab-inner-content-inner\">\n<details class=\"wp-block-details is-layout-flow wp-block-details-is-layout-flow\"><summary>Vr\u0161imo usluge hidroizolacije, presecanje vlage, ispumpavanje vode&#8230; Cena ovih usluga se formira tek nakon pregleda prostora usled same kompleksnosti procene potrebnih radova. Za svaki rad trudimo se da odmah ocenimo obim posla kako bismo Vam tro\u0161ak iskazali pre po\u010detka radova i uslugu u\u010dinili \u0161to transparentnijom<\/summary>\n<p><\/p>\n<\/details>\n<\/div><\/div>\n\n\n\n<div class=\"wp-block-kadence-tab kt-tab-inner-content kt-inner-tab-5 kt-inner-tab687ed3-b3\"><div class=\"kt-tab-inner-content-inner\">\n<details class=\"wp-block-details is-layout-flow wp-block-details-is-layout-flow\"><summary>Usluge sklapanja sitnog name\u0161taja, postavke polica i nosa\u010da i drugih sitnih ku\u0107nih majstorija kre\u0107u se od 3.000rsd pa do 10.00rsd\/kom za monta\u017eu velikog sistemskog name\u0161taja. Za svaki rad trudimo se da odmah ocenimo obim posla kako bismo Vam tro\u0161ak iskazali pre po\u010detka radova i uslugu u\u010dinili \u0161to transparentnijom<\/summary>\n<p><\/p>\n<\/details>\n<\/div><\/div>\n<\/div><\/div><\/div>\n\n\n\n<p><\/p>\n\n\n\n<p><\/p>\n\n\n\n<p><\/p>\n\n\n\n<p><\/p>\n\n\n\n<p><\/p>\n\n\n\n<p><\/p>\n","protected":false},"excerpt":{"rendered":"<p>Cenovnik<\/p>\n","protected":false},"author":1,"featured_media":0,"parent":0,"menu_order":0,"comment_status":"closed","ping_status":"closed","template":"","meta":{"footnotes":""},"class_list":["post-2","page","type-page","status-publish","hentry"],"blocksy_meta":[],"yoast_head":"<!-- This site is optimized with the Yoast SEO plugin v25.2 - https:\/\/yoast.com\/wordpress\/plugins\/seo\/ -->\n<title>Cenovnik - Tvoj hausmajstor<\/title>\n<meta name=\"robots\" content=\"index, follow, max-snippet:-1, max-image-preview:large, max-video-preview:-1\" \/>\n<link rel=\"canonical\" href=\"https:\/\/tvojhausmajstor.rs\/?page_id=2\" \/>\n<meta property=\"og:locale\" content=\"sr_RS\" \/>\n<meta property=\"og:type\" content=\"article\" \/>\n<meta property=\"og:title\" content=\"Cenovnik - Tvoj hausmajstor\" \/>\n<meta property=\"og:description\" content=\"Cenovnik\" \/>\n<meta property=\"og:url\" content=\"https:\/\/tvojhausmajstor.rs\/?page_id=2\" \/>\n<meta property=\"og:site_name\" content=\"Tvoj hausmajstor\" \/>\n<meta property=\"article:modified_time\" content=\"2025-05-11T01:39:29+00:00\" \/>\n<meta property=\"og:image\" content=\"https:\/\/tvojhausmajstor.rs\/wp-content\/uploads\/2025\/04\/ChatGPT-Image-Apr-15-2025-06_24_20-PM.png\" \/>\n\t<meta property=\"og:image:width\" content=\"1024\" \/>\n\t<meta property=\"og:image:height\" content=\"1024\" \/>\n\t<meta property=\"og:image:type\" content=\"image\/png\" \/>\n<meta name=\"twitter:card\" content=\"summary_large_image\" \/>\n<meta name=\"twitter:label1\" content=\"\u041f\u0440\u043e\u0446\u0435\u045a\u0435\u043d\u043e \u0432\u0440\u0435\u043c\u0435 \u0447\u0438\u0442\u0430\u045a\u0430\" \/>\n\t<meta name=\"twitter:data1\" content=\"2 \u043c\u0438\u043d\u0443\u0442\u0430\" \/>\n<script type=\"application\/ld+json\" class=\"yoast-schema-graph\">{\"@context\":\"https:\/\/schema.org\",\"@graph\":[{\"@type\":\"WebPage\",\"@id\":\"https:\/\/tvojhausmajstor.rs\/?page_id=2\",\"url\":\"https:\/\/tvojhausmajstor.rs\/?page_id=2\",\"name\":\"Cenovnik - Tvoj hausmajstor\",\"isPartOf\":{\"@id\":\"https:\/\/tvojhausmajstor.rs\/#website\"},\"datePublished\":\"2025-04-15T16:39:13+00:00\",\"dateModified\":\"2025-05-11T01:39:29+00:00\",\"breadcrumb\":{\"@id\":\"https:\/\/tvojhausmajstor.rs\/?page_id=2#breadcrumb\"},\"inLanguage\":\"sr-RS\",\"potentialAction\":[{\"@type\":\"ReadAction\",\"target\":[\"https:\/\/tvojhausmajstor.rs\/?page_id=2\"]}]},{\"@type\":\"BreadcrumbList\",\"@id\":\"https:\/\/tvojhausmajstor.rs\/?page_id=2#breadcrumb\",\"itemListElement\":[{\"@type\":\"ListItem\",\"position\":1,\"name\":\"\u041f\u043e\u0447\u0435\u0442\u043d\u0430\",\"item\":\"https:\/\/tvojhausmajstor.rs\/\"},{\"@type\":\"ListItem\",\"position\":2,\"name\":\"Cenovnik\"}]},{\"@type\":\"WebSite\",\"@id\":\"https:\/\/tvojhausmajstor.rs\/#website\",\"url\":\"https:\/\/tvojhausmajstor.rs\/\",\"name\":\"Tvoj hausmajstor\",\"description\":\"Kucne popravke Beograd\",\"publisher\":{\"@id\":\"https:\/\/tvojhausmajstor.rs\/#organization\"},\"potentialAction\":[{\"@type\":\"SearchAction\",\"target\":{\"@type\":\"EntryPoint\",\"urlTemplate\":\"https:\/\/tvojhausmajstor.rs\/?s={search_term_string}\"},\"query-input\":{\"@type\":\"PropertyValueSpecification\",\"valueRequired\":true,\"valueName\":\"search_term_string\"}}],\"inLanguage\":\"sr-RS\"},{\"@type\":\"Organization\",\"@id\":\"https:\/\/tvojhausmajstor.rs\/#organization\",\"name\":\"Tvoj hausmajstor\",\"url\":\"https:\/\/tvojhausmajstor.rs\/\",\"logo\":{\"@type\":\"ImageObject\",\"inLanguage\":\"sr-RS\",\"@id\":\"https:\/\/tvojhausmajstor.rs\/#\/schema\/logo\/image\/\",\"url\":\"https:\/\/tvojhausmajstor.rs\/wp-content\/uploads\/2025\/04\/ChatGPT-Image-Apr-15-2025-06_24_20-PM.png\",\"contentUrl\":\"https:\/\/tvojhausmajstor.rs\/wp-content\/uploads\/2025\/04\/ChatGPT-Image-Apr-15-2025-06_24_20-PM.png\",\"width\":1024,\"height\":1024,\"caption\":\"Tvoj hausmajstor\"},\"image\":{\"@id\":\"https:\/\/tvojhausmajstor.rs\/#\/schema\/logo\/image\/\"}}]}<\/script>\n<!-- \/ Yoast SEO plugin. -->","yoast_head_json":{"title":"Cenovnik - Tvoj hausmajstor","robots":{"index":"index","follow":"follow","max-snippet":"max-snippet:-1","max-image-preview":"max-image-preview:large","max-video-preview":"max-video-preview:-1"},"canonical":"https:\/\/tvojhausmajstor.rs\/?page_id=2","og_locale":"sr_RS","og_type":"article","og_title":"Cenovnik - Tvoj hausmajstor","og_description":"Cenovnik","og_url":"https:\/\/tvojhausmajstor.rs\/?page_id=2","og_site_name":"Tvoj hausmajstor","article_modified_time":"2025-05-11T01:39:29+00:00","og_image":[{"width":1024,"height":1024,"url":"https:\/\/tvojhausmajstor.rs\/wp-content\/uploads\/2025\/04\/ChatGPT-Image-Apr-15-2025-06_24_20-PM.png","type":"image\/png"}],"twitter_card":"summary_large_image","twitter_misc":{"\u041f\u0440\u043e\u0446\u0435\u045a\u0435\u043d\u043e \u0432\u0440\u0435\u043c\u0435 \u0447\u0438\u0442\u0430\u045a\u0430":"2 \u043c\u0438\u043d\u0443\u0442\u0430"},"schema":{"@context":"https:\/\/schema.org","@graph":[{"@type":"WebPage","@id":"https:\/\/tvojhausmajstor.rs\/?page_id=2","url":"https:\/\/tvojhausmajstor.rs\/?page_id=2","name":"Cenovnik - Tvoj hausmajstor","isPartOf":{"@id":"https:\/\/tvojhausmajstor.rs\/#website"},"datePublished":"2025-04-15T16:39:13+00:00","dateModified":"2025-05-11T01:39:29+00:00","breadcrumb":{"@id":"https:\/\/tvojhausmajstor.rs\/?page_id=2#breadcrumb"},"inLanguage":"sr-RS","potentialAction":[{"@type":"ReadAction","target":["https:\/\/tvojhausmajstor.rs\/?page_id=2"]}]},{"@type":"BreadcrumbList","@id":"https:\/\/tvojhausmajstor.rs\/?page_id=2#breadcrumb","itemListElement":[{"@type":"ListItem","position":1,"name":"\u041f\u043e\u0447\u0435\u0442\u043d\u0430","item":"https:\/\/tvojhausmajstor.rs\/"},{"@type":"ListItem","position":2,"name":"Cenovnik"}]},{"@type":"WebSite","@id":"https:\/\/tvojhausmajstor.rs\/#website","url":"https:\/\/tvojhausmajstor.rs\/","name":"Tvoj hausmajstor","description":"Kucne popravke Beograd","publisher":{"@id":"https:\/\/tvojhausmajstor.rs\/#organization"},"potentialAction":[{"@type":"SearchAction","target":{"@type":"EntryPoint","urlTemplate":"https:\/\/tvojhausmajstor.rs\/?s={search_term_string}"},"query-input":{"@type":"PropertyValueSpecification","valueRequired":true,"valueName":"search_term_string"}}],"inLanguage":"sr-RS"},{"@type":"Organization","@id":"https:\/\/tvojhausmajstor.rs\/#organization","name":"Tvoj hausmajstor","url":"https:\/\/tvojhausmajstor.rs\/","logo":{"@type":"ImageObject","inLanguage":"sr-RS","@id":"https:\/\/tvojhausmajstor.rs\/#\/schema\/logo\/image\/","url":"https:\/\/tvojhausmajstor.rs\/wp-content\/uploads\/2025\/04\/ChatGPT-Image-Apr-15-2025-06_24_20-PM.png","contentUrl":"https:\/\/tvojhausmajstor.rs\/wp-content\/uploads\/2025\/04\/ChatGPT-Image-Apr-15-2025-06_24_20-PM.png","width":1024,"height":1024,"caption":"Tvoj hausmajstor"},"image":{"@id":"https:\/\/tvojhausmajstor.rs\/#\/schema\/logo\/image\/"}}]}},"_links":{"self":[{"href":"https:\/\/tvojhausmajstor.rs\/index.php?rest_route=\/wp\/v2\/pages\/2","targetHints":{"allow":["GET"]}}],"collection":[{"href":"https:\/\/tvojhausmajstor.rs\/index.php?rest_route=\/wp\/v2\/pages"}],"about":[{"href":"https:\/\/tvojhausmajstor.rs\/index.php?rest_route=\/wp\/v2\/types\/page"}],"author":[{"embeddable":true,"href":"https:\/\/tvojhausmajstor.rs\/index.php?rest_route=\/wp\/v2\/users\/1"}],"replies":[{"embeddable":true,"href":"https:\/\/tvojhausmajstor.rs\/index.php?rest_route=%2Fwp%2Fv2%2Fcomments&post=2"}],"version-history":[{"count":15,"href":"https:\/\/tvojhausmajstor.rs\/index.php?rest_route=\/wp\/v2\/pages\/2\/revisions"}],"predecessor-version":[{"id":232,"href":"https:\/\/tvojhausmajstor.rs\/index.php?rest_route=\/wp\/v2\/pages\/2\/revisions\/232"}],"wp:attachment":[{"href":"https:\/\/tvojhausmajstor.rs\/index.php?rest_route=%2Fwp%2Fv2%2Fmedia&parent=2"}],"curies":[{"name":"wp","href":"https:\/\/api.w.org\/{rel}","templated":true}]}}